{"id":97,"date":"2026-02-09T06:54:42","date_gmt":"2026-02-09T06:54:42","guid":{"rendered":"https:\/\/imc.li\/?page_id=97"},"modified":"2026-02-09T07:02:54","modified_gmt":"2026-02-09T07:02:54","slug":"agb","status":"publish","type":"page","link":"https:\/\/imc.li\/?page_id=97","title":{"rendered":"AGB"},"content":{"rendered":"\t\t<div data-elementor-type=\"wp-page\" data-elementor-id=\"97\" class=\"elementor elementor-97\">\n\t\t\t\t<div class=\"elementor-element elementor-element-7dbdfff e-con-full e-flex e-con e-parent\" data-id=\"7dbdfff\" data-element_type=\"container\" data-e-type=\"container\">\n\t\t\t\t<div class=\"elementor-element elementor-element-f6bb986 elementor-widget elementor-widget-text-editor\" data-id=\"f6bb986\" data-element_type=\"widget\" data-e-type=\"widget\" data-widget_type=\"text-editor.default\">\n\t\t\t\t\t\t\t\t\t<p class=\"MsoNormal\" style=\"margin-bottom: 0cm; line-height: normal;\"><b><span style=\"font-size: 15pt; font-family: 'inherit', serif; color: #120303; padding: 0cm; border: 1pt none windowtext;\">Allgemeine Gesch\u00e4ftsbedingungen<\/span><\/b><b><\/b><\/p><p class=\"MsoNormal\" style=\"margin-bottom: 0cm; line-height: normal;\"><b><span style=\"font-size: 15pt; font-family: 'inherit', serif; color: #120303; padding: 0cm; border: 1pt none windowtext;\">Diese Allgemeine Gesch\u00e4ftsbedingungen<br \/>kommen bei jedem Angebot der Kurse\/Weiterbildung von IT Montinari zur<br \/>Anwendung. G\u00fcltig ab Juni 2019<\/span><\/b><\/p><p class=\"MsoNormal\" style=\"margin-bottom: 0cm; line-height: normal;\"><b><span style=\"font-size: 15pt; font-family: 'inherit', serif; color: #120303; padding: 0cm; border: 1pt none windowtext;\">Anmeldung und Zahlung des Kursgeldes<\/span><\/b><b><\/b><\/p><p class=\"MsoNormal\" style=\"margin-bottom: 0cm; line-height: normal;\"><span style=\"font-size: 10.5pt; font-family: 'Lato',sans-serif; mso-fareast-font-family: 'Times New Roman'; mso-bidi-font-family: 'Times New Roman'; color: #313131; mso-fareast-language: DE-CH;\">Die m\u00fcndliche oder schriftliche<br \/>Anmeldung verpflichtet Sie zur Zahlung des Kursgeldes.\u00a0<\/span><b><span style=\"font-size: 15pt; font-family: 'inherit', serif; color: #120303; padding: 0cm; border: 1pt none windowtext;\">Das Nichtbezahlen des Kursgeldes gilt nicht als<br \/>Abmeldung.<\/span><\/b><\/p><p class=\"MsoNormal\" style=\"margin-bottom: 0cm; line-height: normal;\"><b><span style=\"font-size: 15pt; font-family: 'inherit', serif; color: #120303; padding: 0cm; border: 1pt none windowtext;\">Kurspl\u00e4tze und Durchf\u00fchrung<\/span><\/b><b><\/b><\/p><p class=\"MsoNormal\" style=\"margin-bottom: 15pt; line-height: normal;\"><span style=\"font-size: 10.5pt; font-family: 'Lato',sans-serif; mso-fareast-font-family: 'Times New Roman'; mso-bidi-font-family: 'Times New Roman'; color: #777777; mso-fareast-language: DE-CH;\">Um die Kurse unter optimalen Bedingungen<br \/>durchf\u00fchren zu k\u00f6nnen, legt die IT Montinari f\u00fcr jedes Lernangebot eine<br \/>Teilnehmerzahl fest, welche bei Bedarf angepasst werden kann. Die Kurspl\u00e4tze<br \/>werden in der Reihenfolge der Anmeldungen vergeben (unter Vorbehalt der<br \/>rechtzeitigen Zahlung). Bei ungen\u00fcgender Teilnehmerzahl wird der Kurs in der<br \/>Regel nicht durchgef\u00fchrt und das Kursgeld erlassen bzw. r\u00fcckerstattet.<\/span><\/p><p class=\"MsoNormal\" style=\"margin-bottom: 0cm; line-height: normal;\"><b><span style=\"font-size: 15pt; font-family: 'inherit', serif; color: #120303; padding: 0cm; border: 1pt none windowtext;\">Kursausschluss<\/span><\/b><b><\/b><\/p><p class=\"MsoNormal\" style=\"margin-bottom: 15pt; line-height: normal;\"><span style=\"font-size: 10.5pt; font-family: 'Lato',sans-serif; mso-fareast-font-family: 'Times New Roman'; mso-bidi-font-family: 'Times New Roman'; color: #777777; mso-fareast-language: DE-CH;\">Die IT Montinari beh\u00e4lt sich vor,<br \/>einen oder mehrere Teilnehmende aus einem Kurs begr\u00fcndet auszuschliessen. In<br \/>folgenden F\u00e4llen ist das ganze Kursgeld geschuldet, d.h. es erfolgt weder eine<br \/>anteilsm\u00e4ssige R\u00fcckerstattung noch ein Erlass des Kursgeldes: Kursausschluss<br \/>aufgrund Nichtbezahlung des Kursgeldes sowie in schwerwiegenden F\u00e4llen<br \/>(Ehrverletzung, Bel\u00e4stigung, vors\u00e4tzliche Sachbesch\u00e4digung etc.).\u00a0<\/span><\/p><p class=\"MsoNormal\" style=\"margin-bottom: 0cm; line-height: normal;\"><b><span style=\"font-size: 15pt; font-family: 'inherit', serif; color: #120303; padding: 0cm; border: 1pt none windowtext;\">Abmeldungen<\/span><\/b><b><\/b><\/p><p class=\"MsoNormal\" style=\"margin-bottom: 15pt; line-height: normal;\"><span style=\"font-size: 10.5pt; font-family: 'Lato',sans-serif; mso-fareast-font-family: 'Times New Roman'; mso-bidi-font-family: 'Times New Roman'; color: #777777; mso-fareast-language: DE-CH;\">Jede Anmeldung ist verbindlich. Je<br \/>nach Abmeldezeitpunkt kann die IT Montinari dem Teilnehmenden das Kursgeld<br \/>gem\u00e4ss folgender Regelung ganz oder teilweise erlassen.<\/span><\/p><p class=\"MsoNormal\" style=\"margin-bottom: 0cm; line-height: normal;\"><span style=\"font-size: 10.5pt; font-family: 'Lato',sans-serif; mso-fareast-font-family: 'Times New Roman'; mso-bidi-font-family: 'Times New Roman'; color: #777777; mso-fareast-language: DE-CH;\">Bei Kursen\u00a0<\/span><b><span style=\"font-size: 15pt; font-family: 'inherit', serif; color: #120303; padding: 0cm; border: 1pt none windowtext;\">bis<\/span><\/b><span style=\"font-size: 10.5pt; font-family: 'Lato',sans-serif; mso-fareast-font-family: 'Times New Roman'; mso-bidi-font-family: 'Times New Roman'; color: #777777; mso-fareast-language: DE-CH;\">\u00a01\u2018000<br \/>Franken:<\/span><\/p><p class=\"MsoNormal\" style=\"margin-bottom: 15pt; line-height: normal;\"><span style=\"font-size: 10.5pt; font-family: 'Lato',sans-serif; mso-fareast-font-family: 'Times New Roman'; mso-bidi-font-family: 'Times New Roman'; color: #777777; mso-fareast-language: DE-CH;\">Bei Abmeldungen bis mindestens 7 Tage<br \/>vor Kursstart kann die IT Montinari das Kursgeldzahlung erlassen bzw.<br \/>zur\u00fcckerstatten, wobei ein Unkostenbeitrag von CHF 50.- erhoben wird. Erfolgt<br \/>die Abmeldung weniger als eine Woche vor Kursbeginn, ist das gesamte Kursgeld<br \/>geschuldet.<\/span><\/p><p class=\"MsoNormal\" style=\"margin-bottom: 0cm; line-height: normal;\"><span style=\"font-size: 10.5pt; font-family: 'Lato',sans-serif; mso-fareast-font-family: 'Times New Roman'; mso-bidi-font-family: 'Times New Roman'; color: #777777; mso-fareast-language: DE-CH;\">Bei Kursen\u00a0<\/span><b><span style=\"font-size: 15pt; font-family: 'inherit', serif; color: #120303; padding: 0cm; border: 1pt none windowtext;\">\u00fcber<\/span><\/b><span style=\"font-size: 10.5pt; font-family: 'Lato',sans-serif; mso-fareast-font-family: 'Times New Roman'; mso-bidi-font-family: 'Times New Roman'; color: #777777; mso-fareast-language: DE-CH;\">\u00a01\u2018000<br \/>Franken:<\/span><\/p><p class=\"MsoNormal\" style=\"margin-bottom: 15pt; line-height: normal;\"><span style=\"font-size: 10.5pt; font-family: 'Lato',sans-serif; mso-fareast-font-family: 'Times New Roman'; mso-bidi-font-family: 'Times New Roman'; color: #777777; mso-fareast-language: DE-CH;\">In diesem Fall braucht die IT<br \/>Montinari eine schriftliche Kursabmeldung. Als Eingangsdatum gilt der<br \/>Poststempel des Schreibens. Der Erlass bzw. die R\u00fcckerstattung des Kursgeldes<br \/>ist wie folgt geregelt:<\/span><\/p><table class=\"MsoNormalTable\" style=\"width: 825pt; border-width: initial; border-style: none;\" border=\"1\" width=\"1100\" cellspacing=\"0\" cellpadding=\"0\"><tbody><tr><td style=\"width: 143.35pt; border-width: 1pt; border-top-style: solid; border-right-style: solid; border-left-style: solid; border-color: windowtext; padding: 6pt;\" valign=\"bottom\" width=\"191\"><p class=\"MsoNormal\" style=\"margin-bottom: 0cm; text-align: center; line-height: normal;\" align=\"center\"><b><span style=\"font-size: 15pt; font-family: 'inherit', serif; color: #120303; padding: 0cm; border: 1pt none windowtext;\">Abmeldezeitpunkt\u00a0<\/span><\/b><\/p><\/td><td style=\"width: 681.65pt; border-top: 1pt solid windowtext; border-right: 1pt solid windowtext; border-bottom-width: 1pt; border-bottom-color: windowtext; border-left: none; padding: 6pt;\" valign=\"bottom\" width=\"909\"><p class=\"MsoNormal\" style=\"margin-bottom: 0cm; text-align: center; line-height: normal;\" align=\"center\"><b><span style=\"font-size: 15pt; font-family: 'inherit', serif; color: #120303; padding: 0cm; border: 1pt none windowtext;\">R\u00fccktrittsgeb\u00fchr\u00a0<\/span><\/b><\/p><\/td><\/tr><tr><td style=\"width: 143.35pt; border-right: 1pt solid windowtext; border-bottom-width: 1pt; border-left: 1pt solid windowtext; border-bottom-color: windowtext; border-top: none; padding: 6pt;\" valign=\"bottom\" width=\"191\"><p class=\"MsoNormal\" style=\"margin-bottom: 0cm; text-align: center; line-height: normal;\" align=\"center\"><span style=\"font-size: 9.5pt; font-family: 'inherit',serif; mso-fareast-font-family: 'Times New Roman'; mso-bidi-font-family: 'Times New Roman'; mso-fareast-language: DE-CH;\">Bis 45 Kalendertage vor Kursbeginn:<\/span><\/p><\/td><td style=\"width: 681.65pt; border-top: none; border-left: none; border-bottom-width: 1pt; border-bottom-color: windowtext; border-right: 1pt solid windowtext; padding: 6pt;\" valign=\"bottom\" width=\"909\"><p class=\"MsoNormal\" style=\"margin-bottom: 0cm; text-align: center; line-height: normal;\" align=\"center\"><span style=\"font-size: 9.5pt; font-family: 'inherit',serif; mso-fareast-font-family: 'Times New Roman'; mso-bidi-font-family: 'Times New Roman'; mso-fareast-language: DE-CH;\">CHF 100.- Unkostenbeitrag<\/span><\/p><\/td><\/tr><tr><td style=\"width: 143.35pt; border-right: 1pt solid windowtext; border-bottom-width: 1pt; border-left: 1pt solid windowtext; border-bottom-color: windowtext; border-top: none; padding: 6pt;\" valign=\"bottom\" width=\"191\"><p class=\"MsoNormal\" style=\"margin-bottom: 0cm; text-align: center; line-height: normal;\" align=\"center\"><span style=\"font-size: 9.5pt; font-family: 'inherit',serif; mso-fareast-font-family: 'Times New Roman'; mso-bidi-font-family: 'Times New Roman'; mso-fareast-language: DE-CH;\">Ab 44 bis 22 Kalendertage vor Kursbeginn:<\/span><\/p><\/td><td style=\"width: 681.65pt; border-top: none; border-left: none; border-bottom-width: 1pt; border-bottom-color: windowtext; border-right: 1pt solid windowtext; padding: 6pt;\" valign=\"bottom\" width=\"909\"><p class=\"MsoNormal\" style=\"margin-bottom: 0cm; text-align: center; line-height: normal;\" align=\"center\"><span style=\"font-size: 9.5pt; font-family: 'inherit',serif; mso-fareast-font-family: 'Times New Roman'; mso-bidi-font-family: 'Times New Roman'; mso-fareast-language: DE-CH;\">10 % des Kursgeldes, jedoch max. CHF 500.-<\/span><\/p><\/td><\/tr><tr><td style=\"width: 143.35pt; border-right: 1pt solid windowtext; border-bottom-width: 1pt; border-left: 1pt solid windowtext; border-bottom-color: windowtext; border-top: none; padding: 6pt;\" valign=\"bottom\" width=\"191\"><p class=\"MsoNormal\" style=\"margin-bottom: 0cm; text-align: center; line-height: normal;\" align=\"center\"><span style=\"font-size: 9.5pt; font-family: 'inherit',serif; mso-fareast-font-family: 'Times New Roman'; mso-bidi-font-family: 'Times New Roman'; mso-fareast-language: DE-CH;\">Ab 21 bis 15 Kalendertage vor Kursbeginn:<\/span><\/p><\/td><td style=\"width: 681.65pt; border-top: none; border-left: none; border-bottom-width: 1pt; border-bottom-color: windowtext; border-right: 1pt solid windowtext; padding: 6pt;\" valign=\"bottom\" width=\"909\"><p class=\"MsoNormal\" style=\"margin-bottom: 0cm; text-align: center; line-height: normal;\" align=\"center\"><span style=\"font-size: 9.5pt; font-family: 'inherit',serif; mso-fareast-font-family: 'Times New Roman'; mso-bidi-font-family: 'Times New Roman'; mso-fareast-language: DE-CH;\">30 % des Kursgeldes<\/span><\/p><\/td><\/tr><tr><td style=\"width: 143.35pt; border-right: 1pt solid windowtext; border-bottom-width: 1pt; border-left: 1pt solid windowtext; border-bottom-color: windowtext; border-top: none; padding: 6pt;\" valign=\"bottom\" width=\"191\"><p class=\"MsoNormal\" style=\"margin-bottom: 0cm; text-align: center; line-height: normal;\" align=\"center\"><span style=\"font-size: 9.5pt; font-family: 'inherit',serif; mso-fareast-font-family: 'Times New Roman'; mso-bidi-font-family: 'Times New Roman'; mso-fareast-language: DE-CH;\">Ab 14 bis 8 Kalendertage vor Kursbeginn:<\/span><\/p><\/td><td style=\"width: 681.65pt; border-top: none; border-left: none; border-bottom-width: 1pt; border-bottom-color: windowtext; border-right: 1pt solid windowtext; padding: 6pt;\" valign=\"bottom\" width=\"909\"><p class=\"MsoNormal\" style=\"margin-bottom: 0cm; text-align: center; line-height: normal;\" align=\"center\"><span style=\"font-size: 9.5pt; font-family: 'inherit',serif; mso-fareast-font-family: 'Times New Roman'; mso-bidi-font-family: 'Times New Roman'; mso-fareast-language: DE-CH;\">50 % des Kursgeldes<\/span><\/p><\/td><\/tr><tr><td style=\"width: 143.35pt; border-right: 1pt solid windowtext; border-bottom-width: 1pt; border-left: 1pt solid windowtext; border-bottom-color: windowtext; border-top: none; padding: 6pt;\" valign=\"bottom\" width=\"191\"><p class=\"MsoNormal\" style=\"margin-bottom: 0cm; text-align: center; line-height: normal;\" align=\"center\"><span style=\"font-size: 9.5pt; font-family: 'inherit',serif; mso-fareast-font-family: 'Times New Roman'; mso-bidi-font-family: 'Times New Roman'; mso-fareast-language: DE-CH;\">Ab 7 Kalendertage bis einen Tag vor Kursbeginn:<\/span><\/p><\/td><td style=\"width: 681.65pt; border-top: none; border-left: none; border-bottom-width: 1pt; border-bottom-color: windowtext; border-right: 1pt solid windowtext; padding: 6pt;\" valign=\"bottom\" width=\"909\"><p class=\"MsoNormal\" style=\"margin-bottom: 0cm; text-align: center; line-height: normal;\" align=\"center\"><span style=\"font-size: 9.5pt; font-family: 'inherit',serif; mso-fareast-font-family: 'Times New Roman'; mso-bidi-font-family: 'Times New Roman'; mso-fareast-language: DE-CH;\">80 % des Kursgeldes<\/span><\/p><\/td><\/tr><tr><td style=\"width: 143.35pt; border-right: 1pt solid windowtext; border-bottom-width: 1pt; border-left: 1pt solid windowtext; border-bottom-color: windowtext; border-top: none; padding: 6pt;\" valign=\"bottom\" width=\"191\"><p class=\"MsoNormal\" style=\"margin-bottom: 0cm; text-align: center; line-height: normal;\" align=\"center\"><span style=\"font-size: 9.5pt; font-family: 'inherit',serif; mso-fareast-font-family: 'Times New Roman'; mso-bidi-font-family: 'Times New Roman'; mso-fareast-language: DE-CH;\">Nach dem Kursstart:<\/span><\/p><\/td><td style=\"width: 681.65pt; border-top: none; border-left: none; border-bottom-width: 1pt; border-bottom-color: windowtext; border-right: 1pt solid windowtext; padding: 6pt;\" valign=\"bottom\" width=\"909\"><p class=\"MsoNormal\" style=\"margin-bottom: 0cm; text-align: center; line-height: normal;\" align=\"center\"><span style=\"font-size: 9.5pt; font-family: 'inherit',serif; mso-fareast-font-family: 'Times New Roman'; mso-bidi-font-family: 'Times New Roman'; mso-fareast-language: DE-CH;\">Kein Erlass beziehungsweise keine R\u00fcckerstattung<br \/>des Kursgeldes.<\/span><\/p><\/td><\/tr><\/tbody><\/table><p class=\"MsoNormal\" style=\"margin-bottom: 9.6pt; line-height: normal;\"><b><span style=\"font-size: 15.0pt; font-family: 'Lato',sans-serif; mso-fareast-font-family: 'Times New Roman'; mso-bidi-font-family: 'Times New Roman'; color: #1e1e1e; mso-fareast-language: DE-CH;\">Nicht besuchte Lektionen \/ Termine<\/span><\/b><\/p><p class=\"MsoNormal\" style=\"margin-bottom: 15pt; line-height: normal;\"><span style=\"font-size: 10.5pt; font-family: 'Lato',sans-serif; mso-fareast-font-family: 'Times New Roman'; mso-bidi-font-family: 'Times New Roman'; color: #777777; mso-fareast-language: DE-CH;\">Nicht besuchte Lektionen \/ Termine<br \/>k\u00f6nnen nicht nachgeholt werden und werden nicht zur\u00fcckerstattet.<br \/>\u00a0<\/span><\/p><p class=\"MsoNormal\" style=\"margin-bottom: 9.6pt; line-height: normal;\"><b><span style=\"font-size: 15.0pt; font-family: 'Lato',sans-serif; mso-fareast-font-family: 'Times New Roman'; mso-bidi-font-family: 'Times New Roman'; color: #1e1e1e; mso-fareast-language: DE-CH;\">Digitale Lehrmittel<\/span><\/b><\/p><p class=\"MsoNormal\" style=\"margin-bottom: 15pt; line-height: normal;\"><span style=\"font-size: 10.5pt; font-family: 'Lato',sans-serif; mso-fareast-font-family: 'Times New Roman'; mso-bidi-font-family: 'Times New Roman'; color: #777777; mso-fareast-language: DE-CH;\">Bitte beachten Sie, dass E-Book<br \/>Lizenzen nach der Zustellung nicht zur\u00fcckerstattet werden.<\/span><\/p><p class=\"MsoNormal\" style=\"margin-bottom: 9.6pt; line-height: normal;\"><b><span style=\"font-size: 15.0pt; font-family: 'Lato',sans-serif; mso-fareast-font-family: 'Times New Roman'; mso-bidi-font-family: 'Times New Roman'; color: #1e1e1e; mso-fareast-language: DE-CH;\">Kursbest\u00e4tigung<\/span><\/b><\/p><p class=\"MsoNormal\" style=\"margin-bottom: 15pt; line-height: normal;\"><span style=\"font-size: 10.5pt; font-family: 'Lato',sans-serif; mso-fareast-font-family: 'Times New Roman'; mso-bidi-font-family: 'Times New Roman'; color: #777777; mso-fareast-language: DE-CH;\">Auf Wunsch des Teilnehmenden und nach<br \/>erfolgtem Besuch von mindestens 80 Prozent der Kurslektionen, stellt die IT<br \/>Montinari gerne eine Kursbest\u00e4tigung aus. Bedingung ist allerdings, dass der<br \/>Kurs nicht l\u00e4nger als ein Jahr zur\u00fcckliegt. Abweichende Regelungen bei Zertifikats-<br \/>und Diplomlehrg\u00e4ngen sind ausdr\u00fccklich vorbehalten.<\/span><\/p><h2><a href=\"https:\/\/imc.li\">Zur\u00fcck<\/a><\/h2>\t\t\t\t\t\t\t\t<\/div>\n\t\t\t\t<\/div>\n\t\t\t\t<\/div>\n\t\t","protected":false},"excerpt":{"rendered":"<p>Allgemeine Gesch\u00e4ftsbedingungen Diese Allgemeine Gesch\u00e4ftsbedingungenkommen bei jedem Angebot der Kurse\/Weiterbildung von IT Montinari zurAnwendung. G\u00fcltig ab Juni 2019 Anmeldung und Zahlung des Kursgeldes Die m\u00fcndliche oder schriftlicheAnmeldung verpflichtet Sie zur Zahlung des Kursgeldes.\u00a0Das Nichtbezahlen des Kursgeldes gilt nicht alsAbmeldung. Kurspl\u00e4tze und Durchf\u00fchrung Um die Kurse unter optimalen Bedingungendurchf\u00fchren zu k\u00f6nnen, legt die IT Montinari f\u00fcr [&hellip;]<\/p>\n","protected":false},"author":1,"featured_media":0,"parent":0,"menu_order":0,"comment_status":"closed","ping_status":"closed","template":"elementor_header_footer","meta":{"footnotes":""},"class_list":["post-97","page","type-page","status-publish","hentry","entry"],"_links":{"self":[{"href":"https:\/\/imc.li\/index.php?rest_route=\/wp\/v2\/pages\/97","targetHints":{"allow":["GET"]}}],"collection":[{"href":"https:\/\/imc.li\/index.php?rest_route=\/wp\/v2\/pages"}],"about":[{"href":"https:\/\/imc.li\/index.php?rest_route=\/wp\/v2\/types\/page"}],"author":[{"embeddable":true,"href":"https:\/\/imc.li\/index.php?rest_route=\/wp\/v2\/users\/1"}],"replies":[{"embeddable":true,"href":"https:\/\/imc.li\/index.php?rest_route=%2Fwp%2Fv2%2Fcomments&post=97"}],"version-history":[{"count":28,"href":"https:\/\/imc.li\/index.php?rest_route=\/wp\/v2\/pages\/97\/revisions"}],"predecessor-version":[{"id":128,"href":"https:\/\/imc.li\/index.php?rest_route=\/wp\/v2\/pages\/97\/revisions\/128"}],"wp:attachment":[{"href":"https:\/\/imc.li\/index.php?rest_route=%2Fwp%2Fv2%2Fmedia&parent=97"}],"curies":[{"name":"wp","href":"https:\/\/api.w.org\/{rel}","templated":true}]}}