{"id":80,"date":"2026-02-09T06:20:43","date_gmt":"2026-02-09T06:20:43","guid":{"rendered":"https:\/\/imc.li\/?page_id=80"},"modified":"2026-02-09T07:03:32","modified_gmt":"2026-02-09T07:03:32","slug":"impressum","status":"publish","type":"page","link":"https:\/\/imc.li\/?page_id=80","title":{"rendered":"Impressum"},"content":{"rendered":"\t\t<div data-elementor-type=\"wp-page\" data-elementor-id=\"80\" class=\"elementor elementor-80\">\n\t\t\t\t<div class=\"elementor-element elementor-element-905fd8c e-flex e-con-boxed e-con e-parent\" data-id=\"905fd8c\" data-element_type=\"container\" data-e-type=\"container\">\n\t\t\t\t\t<div class=\"e-con-inner\">\n\t\t\t\t<div class=\"elementor-element elementor-element-4804961c elementor-widget elementor-widget-text-editor\" data-id=\"4804961c\" data-element_type=\"widget\" data-e-type=\"widget\" data-widget_type=\"text-editor.default\">\n\t\t\t\t\t\t\t\t\t<p><strong>Verantwortlich f\u00fcr den Inhalt der Seiten<\/strong><\/p><p><strong>IT Montinari- https:\/\/imc.li<\/strong><br \/><strong>Corrado Montinari<\/strong><br \/><strong>Haldengasse 50<\/strong><br \/><strong>FL-9492 Eschen<\/strong><\/p><p><strong>corrado@montinari.li<\/strong><\/p><p><strong>Telefon: +41 78 755 12 66<\/strong><\/p><p><strong>Bilder: https:\/\/pixabay.com\/<\/strong><\/p><p><strong>Die Bilder wurden der Website von lizenzfreien Fotos entnommen: www.pixabay.com<\/strong><\/p><p><strong>Sollte ich aus Versehen dennoch eine Urheberverletzung begangen haben, bitte ich um eine Information per E-mail und ich werde das Bild umgehend l\u00f6schen<\/strong><\/p><p><strong>Copyright<\/strong><\/p><p><strong>Das Copyright f\u00fcr s\u00e4mtliche Inhalte dieser Website liegt bei IT Montinari, Corrado Montinari.<\/strong><\/p><p><strong>Disclaimer<\/strong><\/p><p><strong>Alle Texte und Links wurden sorgf\u00e4ltig gepr\u00fcft und werden laufend aktualisiert. Wir sind bem\u00fcht, richtige und vollst\u00e4ndige Informationen auf dieser Website bereitzustellen, \u00fcbernehmen aber keinerlei Verantwortung, Garantien oder Haftung daf\u00fcr, dass die durch diese Website bereitgestellten Informationen, richtig, vollst\u00e4ndig oder aktuell sind. Wir behalten uns das Recht vor, jederzeit und ohne Vorank\u00fcndigung die Informationen auf dieser Website zu \u00e4ndern und verpflichten uns auch nicht, die enthaltenen Informationen zu aktualisieren. Alle Links zu externen Anbietern wurden zum Zeitpunkt ihrer Aufnahme auf ihre Richtigkeit \u00fcberpr\u00fcft, dennoch haften wir nicht f\u00fcr Inhalte und Verf\u00fcgbarkeit von Websites, die mittels Hyperlinks zu erreichen sind. F\u00fcr illegale, fehlerhafte oder unvollst\u00e4ndige Inhalte und insbesondere f\u00fcr Sch\u00e4den, die durch Inhalte verkn\u00fcpfter Seiten entstehen, haftet allein der Anbieter der Seite, auf welche verwiesen wurde. Dabei ist es gleichg\u00fcltig, ob der Schaden direkter, indirekter oder finanzieller Natur ist oder ein sonstiger Schaden vorliegt, der sich aus Datenverlust, Nutzungsausfall oder anderen Gr\u00fcnden aller Art ergeben k\u00f6nnte.<\/strong><\/p><p><strong>Datenschutz<\/strong><\/p><p><strong>F\u00fcr die Sicherheit der Daten\u00fcbertragung im Internet k\u00f6nnen wir keine Gew\u00e4hr \u00fcbernehmen, insbesondere besteht bei der \u00dcbertragung von Daten per E-Mail die Gefahr des Zugriffs durch Dritte.<\/strong><\/p><p><strong>Einer Nutzung der im Impressum ver\u00f6ffentlichten Kontaktdaten durch Dritte zu Werbezwecken wird hiermit ausdr\u00fccklich widersprochen. Der Betreiber beh\u00e4lt sich f\u00fcr den Fall unverlangt zugesandter Werbe- oder Informationsmaterialien ausdr\u00fccklich rechtliche Schritte vor.<\/strong><\/p><p><strong>Sollten einzelne Regelungen oder Formulierungen dieses Haftungsausschlusses unwirksam sein oder werden, bleiben die \u00fcbrigen Regelungen in ihrem Inhalt und ihrer G\u00fcltigkeit hiervon unber\u00fchrt.<\/strong><\/p><h1 style=\"text-align: center;\"><a href=\"https:\/\/imc.li\"><strong>Zur\u00fcck<\/strong><\/a><\/h1>\t\t\t\t\t\t\t\t<\/div>\n\t\t\t\t\t<\/div>\n\t\t\t\t<\/div>\n\t\t\t\t<\/div>\n\t\t","protected":false},"excerpt":{"rendered":"<p>Verantwortlich f\u00fcr den Inhalt der Seiten IT Montinari- https:\/\/imc.li Corrado Montinari Haldengasse 50 FL-9492 Eschen corrado@montinari.li Telefon: +41 78 755 12 66 Bilder: https:\/\/pixabay.com\/ Die Bilder wurden der Website von lizenzfreien Fotos entnommen: www.pixabay.com Sollte ich aus Versehen dennoch eine Urheberverletzung begangen haben, bitte ich um eine Information per E-mail und ich werde das Bild [&hellip;]<\/p>\n","protected":false},"author":1,"featured_media":0,"parent":0,"menu_order":0,"comment_status":"closed","ping_status":"closed","template":"elementor_header_footer","meta":{"footnotes":""},"class_list":["post-80","page","type-page","status-publish","hentry","entry"],"_links":{"self":[{"href":"https:\/\/imc.li\/index.php?rest_route=\/wp\/v2\/pages\/80","targetHints":{"allow":["GET"]}}],"collection":[{"href":"https:\/\/imc.li\/index.php?rest_route=\/wp\/v2\/pages"}],"about":[{"href":"https:\/\/imc.li\/index.php?rest_route=\/wp\/v2\/types\/page"}],"author":[{"embeddable":true,"href":"https:\/\/imc.li\/index.php?rest_route=\/wp\/v2\/users\/1"}],"replies":[{"embeddable":true,"href":"https:\/\/imc.li\/index.php?rest_route=%2Fwp%2Fv2%2Fcomments&post=80"}],"version-history":[{"count":14,"href":"https:\/\/imc.li\/index.php?rest_route=\/wp\/v2\/pages\/80\/revisions"}],"predecessor-version":[{"id":130,"href":"https:\/\/imc.li\/index.php?rest_route=\/wp\/v2\/pages\/80\/revisions\/130"}],"wp:attachment":[{"href":"https:\/\/imc.li\/index.php?rest_route=%2Fwp%2Fv2%2Fmedia&parent=80"}],"curies":[{"name":"wp","href":"https:\/\/api.w.org\/{rel}","templated":true}]}}