{"id":2,"date":"2026-02-06T13:51:16","date_gmt":"2026-02-06T13:51:16","guid":{"rendered":"https:\/\/imc.li\/?page_id=2"},"modified":"2026-03-26T18:58:06","modified_gmt":"2026-03-26T18:58:06","slug":"sample-page","status":"publish","type":"page","link":"https:\/\/imc.li\/","title":{"rendered":"Willkommen"},"content":{"rendered":"\t\t<div data-elementor-type=\"wp-page\" data-elementor-id=\"2\" class=\"elementor elementor-2\">\n\t\t\t\t<div class=\"elementor-element elementor-element-75bb5d3b e-flex e-con-boxed e-con e-parent\" data-id=\"75bb5d3b\" data-element_type=\"container\" data-e-type=\"container\">\n\t\t\t\t\t<div class=\"e-con-inner\">\n\t\t\t\t<div class=\"elementor-element elementor-element-1d1f5ead elementor-widget elementor-widget-text-editor\" data-id=\"1d1f5ead\" data-element_type=\"widget\" data-e-type=\"widget\" data-widget_type=\"text-editor.default\">\n\t\t\t\t\t\t\t\t\t<h1 style=\"text-align: center;\"><strong><br>Computerkurse<\/strong><\/h1>\n<p style=\"text-align: center; font-size: 1.8rem; line-height: 1.8; color: #333333; font-family: 'Segoe UI', 'Helvetica Neue', Arial, sans-serif;\">ChatGPT, Windows 11, Microsoft Teams und Microsoft Office \u2013<br>Kurse f\u00fcr Privatpersonen sowie Unternehmen.<\/p>\n<p style=\"text-align: center; font-size: 1.8rem; line-height: 1.8; color: #333333; font-family: 'Segoe UI', 'Helvetica Neue', Arial, sans-serif;\">Individuell angepasste Schulungen f\u00fcr Anf\u00e4nger und Fortgeschrittene.<\/p>\n<p style=\"text-align: center; line-height: 1.8; color: rgb(51, 51, 51); font-family: &quot;Segoe UI&quot;, &quot;Helvetica Neue&quot;, Arial, sans-serif;\"><span style=\"font-size: 1.8rem;\">Kursdauer und Kosten richten sich nach Ihrem pers\u00f6nlichen Bedarf.<\/span><span style=\"font-size: 18px;\"><br><br><\/span><b style=\"font-size: 23px;\">Pers\u00f6nliche Unterst\u00fctzung bei Ihnen zu Hause oder im B\u00fcro<\/b><\/p>\n<p style=\"text-align: center; font-size: 1.8rem; line-height: 1.8; color: #333333; font-family: 'Segoe UI', 'Helvetica Neue', Arial, sans-serif;\">Schulung, Einrichtung und Optimierung neuer sowie bestehender Ger\u00e4te.<\/p>\n<p style=\"text-align: center; font-size: 1.8rem; line-height: 1.8; color: #333333; font-family: 'Segoe UI', 'Helvetica Neue', Arial, sans-serif;\">Microsoft Office, Teams, OneNote, ChatGPT, Daten\u00fcbernahme, Drucker,<br>Datensicherung, Netzwerk, Serverl\u00f6sungen und vieles mehr.<\/p>\t\t\t\t\t\t\t\t<\/div>\n\t\t\t\t\t<\/div>\n\t\t\t\t<\/div>\n\t\t\t\t<\/div>\n\t\t","protected":false},"excerpt":{"rendered":"<p>Computerkurse ChatGPT, Windows 11, Microsoft Teams und Microsoft Office \u2013Kurse f\u00fcr Privatpersonen sowie Unternehmen. Individuell angepasste Schulungen f\u00fcr Anf\u00e4nger und Fortgeschrittene. Kursdauer und Kosten richten sich nach Ihrem pers\u00f6nlichen Bedarf. Pers\u00f6nliche Unterst\u00fctzung bei Ihnen zu Hause oder im B\u00fcro Schulung, Einrichtung und Optimierung neuer sowie bestehender Ger\u00e4te. Microsoft Office, Teams, OneNote, ChatGPT, Daten\u00fcbernahme, Drucker,Datensicherung, Netzwerk, [&hellip;]<\/p>\n","protected":false},"author":1,"featured_media":0,"parent":0,"menu_order":0,"comment_status":"closed","ping_status":"open","template":"elementor_header_footer","meta":{"footnotes":""},"class_list":["post-2","page","type-page","status-publish","hentry","entry"],"_links":{"self":[{"href":"https:\/\/imc.li\/index.php?rest_route=\/wp\/v2\/pages\/2","targetHints":{"allow":["GET"]}}],"collection":[{"href":"https:\/\/imc.li\/index.php?rest_route=\/wp\/v2\/pages"}],"about":[{"href":"https:\/\/imc.li\/index.php?rest_route=\/wp\/v2\/types\/page"}],"author":[{"embeddable":true,"href":"https:\/\/imc.li\/index.php?rest_route=\/wp\/v2\/users\/1"}],"replies":[{"embeddable":true,"href":"https:\/\/imc.li\/index.php?rest_route=%2Fwp%2Fv2%2Fcomments&post=2"}],"version-history":[{"count":29,"href":"https:\/\/imc.li\/index.php?rest_route=\/wp\/v2\/pages\/2\/revisions"}],"predecessor-version":[{"id":191,"href":"https:\/\/imc.li\/index.php?rest_route=\/wp\/v2\/pages\/2\/revisions\/191"}],"wp:attachment":[{"href":"https:\/\/imc.li\/index.php?rest_route=%2Fwp%2Fv2%2Fmedia&parent=2"}],"curies":[{"name":"wp","href":"https:\/\/api.w.org\/{rel}","templated":true}]}}